{"id":169,"date":"2024-05-01T11:20:43","date_gmt":"2024-05-01T14:20:43","guid":{"rendered":"http:\/\/localhost:8888\/UltimaIAP\/?page_id=169"},"modified":"2024-09-10T21:15:19","modified_gmt":"2024-09-10T21:15:19","slug":"newsletter","status":"publish","type":"page","link":"https:\/\/iappropaganda.com.br\/en\/newsletter\/","title":{"rendered":"Newsletter"},"content":{"rendered":"<div id=\"pl-169\"  class=\"panel-layout\" ><div id=\"pg-169-0\"  class=\"panel-grid panel-has-style\" ><div class=\"panel-row-style panel-row-style-for-169-0\" ><div id=\"pgc-169-0-0\"  class=\"panel-grid-cell panel-grid-cell-empty\" ><\/div><div id=\"pgc-169-0-1\"  class=\"panel-grid-cell panel-grid-cell-mobile-last\" ><div class=\"panel-cell-style panel-cell-style-for-169-0-1\" ><div id=\"panel-169-0-1-0\" class=\"so-panel widget widget_sow-editor panel-first-child panel-last-child\" data-index=\"0\" ><div\n\t\t\t\n\t\t\tclass=\"so-widget-sow-editor so-widget-sow-editor-base\"\n\t\t\t\n\t\t>\n<div class=\"siteorigin-widget-tinymce textwidget\">\n\t<h1 class=\"overview-title title-md text-center\" style=\"text-align: center;\"><span style=\"font-size: 12pt;\"><span style=\"color: #f2f2f2;\"><span style=\"color: #ff6600;\">\u25a0<\/span><\/span><\/span><span style=\"font-size: 24pt;\"><span style=\"color: #f2f2f2;\"><span style=\"color: #ff6600;\">\u25a0<\/span> Newsletter <\/span><span style=\"color: #f2f2f2;\"><span style=\"color: #ff6600;\">\u25a0<\/span><\/span><\/span><span style=\"font-size: 12pt;\"><span style=\"color: #f2f2f2;\"><span style=\"color: #ff6600;\">\u25a0<\/span><\/span><\/span><\/h1>\n<h1 class=\"overview-title title-md text-center\" style=\"text-align: center;\"><span style=\"font-size: 14pt;\"><span style=\"color: #f2f2f2;\"><span style=\"color: #ff6600;\">\u25a0<\/span><\/span><span style=\"color: #f2f2f2;\"><span style=\"color: #ff6600;\">\u25a0<\/span><\/span><span style=\"color: #f2f2f2;\"><span style=\"color: #ff6600;\">\u25a0<\/span><\/span><\/span><\/h1>\n<p class=\"overview-title title-md text-center\" style=\"text-align: center;\"><span style=\"font-size: 16px; color: #ffffff;\">Stay updated with the latest news, events, and promotions from our agency by subscribing to our newsletter. Sign up below to receive our updates directly in your inbox.<\/span><\/p>\n<div class=\"body-lg color-gray mt-4\">\n<p style=\"text-align: center;\"><span style=\"color: #f2f2f2;\"><img loading=\"lazy\" decoding=\"async\" class=\"wp-image-14796 aligncenter\" src=\"https:\/\/iappropaganda.com.br\/wp-content\/uploads\/2024\/05\/icone.png\" alt=\"\" width=\"20\" height=\"20\" \/><\/span><\/p>\n<\/div>\n<\/div>\n<\/div><\/div><\/div><\/div><div id=\"pgc-169-0-2\"  class=\"panel-grid-cell panel-grid-cell-empty\" ><\/div><\/div><\/div><div id=\"pg-169-1\"  class=\"panel-grid panel-has-style\" ><div id=\"design\" class=\"panel-row-style panel-row-style-for-169-1\" ><div id=\"pgc-169-1-0\"  class=\"panel-grid-cell panel-grid-cell-empty\" ><\/div><div id=\"pgc-169-1-1\"  class=\"panel-grid-cell\" ><div class=\"panel-cell-style panel-cell-style-for-169-1-1\" ><div id=\"panel-169-1-1-0\" class=\"so-panel widget widget_sow-editor panel-first-child panel-last-child\" data-index=\"1\" ><div class=\"panel-widget-style panel-widget-style-for-169-1-1-0\" ><div\n\t\t\t\n\t\t\tclass=\"so-widget-sow-editor so-widget-sow-editor-base\"\n\t\t\t\n\t\t>\n<div class=\"siteorigin-widget-tinymce textwidget\">\n\t<p><span style=\"font-size: 8pt;\">-<\/span><\/p>\n<\/div>\n<\/div><\/div><\/div><\/div><\/div><div id=\"pgc-169-1-2\"  class=\"panel-grid-cell panel-grid-cell-mobile-last\" ><div class=\"panel-cell-style panel-cell-style-for-169-1-2\" ><div id=\"panel-169-1-2-0\" class=\"so-panel widget widget_sow-image panel-first-child\" data-index=\"2\" ><div class=\"panel-widget-style panel-widget-style-for-169-1-2-0\" ><div\n\t\t\t\n\t\t\tclass=\"so-widget-sow-image so-widget-sow-image-default-8b5b6f678277-169\"\n\t\t\t\n\t\t>\n<div class=\"sow-image-container\">\n\t\t<img \n\tsrc=\"https:\/\/live.staticflickr.com\/65535\/53986433533_4b80d3fb6c_o_d.jpg\" title=\"Newsletter\" alt=\"\" \t\tclass=\"so-widget-image\"\/>\n\t<\/div>\n\n<\/div><\/div><\/div><div id=\"panel-169-1-2-1\" class=\"so-panel widget widget_sow-editor panel-last-child\" data-index=\"3\" ><div class=\"panel-widget-style panel-widget-style-for-169-1-2-1\" ><div\n\t\t\t\n\t\t\tclass=\"so-widget-sow-editor so-widget-sow-editor-base\"\n\t\t\t\n\t\t>\n<div class=\"siteorigin-widget-tinymce textwidget\">\n\t<div class=\"title title-md\">\n<h1 style=\"text-align: left;\"><span style=\"color: #f2f2f2; font-size: 18pt;\"><span style=\"background-color: #ff5a00;\">\u00a0 <span style=\"color: #282828;\">N\u00a0 <\/span><\/span><\/span><span style=\"color: #f2f2f2;\">NEWSLETTER<\/span><\/h1>\n<\/div>\n<div class=\"text\">\n<h6 class=\"color-red\"><span style=\"color: #ff5a00;\">RECEIVE OUR UPDATES <\/span><span style=\"font-size: 14pt;\"><span style=\"color: #f2f2f2;\"><span style=\"color: #ff6600;\">\u25a0<\/span><\/span><span style=\"color: #f2f2f2;\"><span style=\"color: #ff6600;\">\u25a0<\/span><\/span><span style=\"color: #f2f2f2;\"><span style=\"color: #ff6600;\">\u25a0<\/span><\/span><\/span><\/h6>\n<div class=\"cta mt-3\"><\/div>\n<\/div>\n<p><div class=\"forminator-ui forminator-custom-form forminator-custom-form-170 forminator-design--default  forminator_ajax\" data-forminator-render=\"0\" data-form=\"forminator-module-170\" data-uid=\"69ea3b3f7b4cf\"><\/div>\n<form\n\t\t\t\tid=\"forminator-module-170\"\n\t\t\t\tclass=\"forminator-ui forminator-custom-form forminator-custom-form-170 forminator-design--default  forminator_ajax\"\n\t\t\t\tmethod=\"post\"\n\t\t\t\tdata-forminator-render=\"0\"\n\t\t\t\tdata-form-id=\"170\"\n\t\t\t\t data-color-option=\"default\" data-design=\"default\" data-grid=\"open\" style=\"display: none;\"\n\t\t\t\tdata-uid=\"69ea3b3f7b4cf\" action=\"\"\n\t\t\t><input type=\"hidden\" name=\"trp-form-language\" value=\"en\"\/><\/p>\n<div role=\"alert\" aria-live=\"polite\" class=\"forminator-response-message forminator-error\" aria-hidden=\"true\"><\/div>\n<div class=\"forminator-row\">\n<div id=\"name-1\" class=\"forminator-field-name forminator-col forminator-col-12\">\n<div class=\"forminator-field\"><label for=\"forminator-field-name-1_69ea3b3f7b4cf\" id=\"forminator-field-name-1_69ea3b3f7b4cf-label\" class=\"forminator-label\">Name <span class=\"forminator-required\">*<\/span><\/label><input type=\"text\" name=\"name-1\" value=\"\" placeholder=\"E.x. John Doe\" id=\"forminator-field-name-1_69ea3b3f7b4cf\" class=\"forminator-input forminator-name--field\" aria-required=\"true\" autocomplete=\"name\" \/><\/div>\n<\/div>\n<\/div>\n<div class=\"forminator-row\">\n<div id=\"phone-1\" class=\"forminator-field-phone forminator-col forminator-col-12\">\n<div class=\"forminator-field\"><label for=\"forminator-field-phone-1_69ea3b3f7b4cf\" id=\"forminator-field-phone-1_69ea3b3f7b4cf-label\" class=\"forminator-label\">Telephone<\/label><input type=\"text\" name=\"phone-1\" value=\"\" placeholder=\"E.x. +1 300 400 5000\" id=\"forminator-field-phone-1_69ea3b3f7b4cf\" class=\"forminator-input forminator-field--phone\" data-required=\"\" aria-required=\"false\" autocomplete=\"off\" \/><\/div>\n<\/div>\n<\/div>\n<div class=\"forminator-row\">\n<div id=\"email-1\" class=\"forminator-field-email forminator-col forminator-col-12\">\n<div class=\"forminator-field\"><label for=\"forminator-field-email-1_69ea3b3f7b4cf\" id=\"forminator-field-email-1_69ea3b3f7b4cf-label\" class=\"forminator-label\">E-mail Address <span class=\"forminator-required\">*<\/span><\/label><input type=\"email\" name=\"email-1\" value=\"\" placeholder=\"SIGN UP\" id=\"forminator-field-email-1_69ea3b3f7b4cf\" class=\"forminator-input forminator-email--field\" data-required=\"true\" aria-required=\"true\" autocomplete=\"email\" \/><\/div>\n<\/div>\n<\/div>\n<div class=\"forminator-row\" style=\"margin: 0;\">\n<div id=\"captcha-1\" class=\"forminator-field-captcha  forminator-col-12\">\n<div class=\"forminator-captcha-left forminator-g-recaptcha recaptcha-invisible\" data-theme=\"dark\" data-badge=\"inline\" data-sitekey=\"6LfM1fIpAAAAAE2S7iFXD5lk8WIPShKssZArzIOw\" data-size=\"invisible\"><\/div>\n<\/p><\/div>\n<\/div>\n<p><input type=\"hidden\" name=\"referer_url\" value=\"\" \/><\/p>\n<div class=\"forminator-row forminator-row-last\">\n<div class=\"forminator-col\">\n<div class=\"forminator-field\"><button class=\"forminator-button forminator-button-submit enviar\">&rarr;<\/button><\/div>\n<\/div>\n<\/div>\n<p><input type=\"hidden\" id=\"forminator_nonce\" name=\"forminator_nonce\" value=\"dac194fceb\" \/><input type=\"hidden\" name=\"_wp_http_referer\" value=\"\/en\/wp-json\/wp\/v2\/pages\/169\" \/><input type=\"hidden\" name=\"form_id\" value=\"170\"><input type=\"hidden\" name=\"page_id\" value=\"169\"><input type=\"hidden\" name=\"form_type\" value=\"default\"><input type=\"hidden\" name=\"current_url\" value=\"https:\/\/iappropaganda.com.br\/en\/newsletter\/\"><input type=\"hidden\" name=\"render_id\" value=\"0\"><input type=\"hidden\" name=\"action\" value=\"forminator_submit_form_custom-forms\"><\/form><\/p>\n<\/div>\n<\/div><\/div><\/div><\/div><\/div><div id=\"pgc-169-1-3\"  class=\"panel-grid-cell panel-grid-cell-empty\" ><\/div><\/div><\/div><\/div>","protected":false},"excerpt":{"rendered":"<p>\u25a0\u25a0 Newsletter \u25a0\u25a0 \u25a0\u25a0\u25a0 Mantenha-se atualizado com as \u00faltimas not\u00edcias, eventos e promo\u00e7\u00f5es da nossa ag\u00eancia assinando nossa newsletter. Inscreva-se abaixo para receber nossas atualiza\u00e7\u00f5es diretamente na sua caixa de entrada. &#8211; \u00a0 N\u00a0 NEWSLETTER RECEBA NOSSAS ATUALIZA\u00c7\u00d5ES \u25a0\u25a0\u25a0<\/p>","protected":false},"author":1,"featured_media":0,"parent":0,"menu_order":0,"comment_status":"closed","ping_status":"closed","template":"","meta":{"iawp_total_views":43,"footnotes":""},"class_list":["post-169","page","type-page","status-publish","hentry","post"],"_links":{"self":[{"href":"https:\/\/iappropaganda.com.br\/en\/wp-json\/wp\/v2\/pages\/169","targetHints":{"allow":["GET"]}}],"collection":[{"href":"https:\/\/iappropaganda.com.br\/en\/wp-json\/wp\/v2\/pages"}],"about":[{"href":"https:\/\/iappropaganda.com.br\/en\/wp-json\/wp\/v2\/types\/page"}],"author":[{"embeddable":true,"href":"https:\/\/iappropaganda.com.br\/en\/wp-json\/wp\/v2\/users\/1"}],"replies":[{"embeddable":true,"href":"https:\/\/iappropaganda.com.br\/en\/wp-json\/wp\/v2\/comments?post=169"}],"version-history":[{"count":7,"href":"https:\/\/iappropaganda.com.br\/en\/wp-json\/wp\/v2\/pages\/169\/revisions"}],"predecessor-version":[{"id":790,"href":"https:\/\/iappropaganda.com.br\/en\/wp-json\/wp\/v2\/pages\/169\/revisions\/790"}],"wp:attachment":[{"href":"https:\/\/iappropaganda.com.br\/en\/wp-json\/wp\/v2\/media?parent=169"}],"curies":[{"name":"wp","href":"https:\/\/api.w.org\/{rel}","templated":true}]}}