{"id":27,"date":"2024-04-24T22:54:03","date_gmt":"2024-04-25T01:54:03","guid":{"rendered":"http:\/\/localhost:8888\/UltimaIAP\/?page_id=12"},"modified":"2025-02-10T17:48:53","modified_gmt":"2025-02-10T17:48:53","slug":"servicos","status":"publish","type":"page","link":"https:\/\/iappropaganda.com.br\/en\/servicos\/","title":{"rendered":"Services"},"content":{"rendered":"<div id=\"pl-27\"  class=\"panel-layout\" ><div id=\"pg-27-0\"  class=\"panel-grid panel-has-style\" ><div class=\"panel-row-style panel-row-style-for-27-0\" ><div id=\"pgc-27-0-0\"  class=\"panel-grid-cell panel-grid-cell-empty\" ><\/div><div id=\"pgc-27-0-1\"  class=\"panel-grid-cell panel-grid-cell-mobile-last\" ><div class=\"panel-cell-style panel-cell-style-for-27-0-1\" ><div id=\"panel-27-0-1-0\" class=\"so-panel widget widget_sow-editor panel-first-child panel-last-child\" data-index=\"0\" ><div\n\t\t\t\n\t\t\tclass=\"so-widget-sow-editor so-widget-sow-editor-base\"\n\t\t\t\n\t\t>\n<div class=\"siteorigin-widget-tinymce textwidget\">\n\t<h1 class=\"overview-title title-md text-center\" style=\"text-align: center;\"><span style=\"font-size: 24pt;\"><span style=\"color: #f2f2f2;\">Design <span style=\"color: #ff6600;\">\u25a0<\/span> Web <\/span><span style=\"color: #f2f2f2;\"><span style=\"color: #ff6600;\">\u25a0 <\/span><\/span><span style=\"color: #f2f2f2;\">Advertising<\/span><\/span><\/h1>\n<h1 class=\"overview-title title-md text-center\" style=\"text-align: center;\"><span style=\"font-size: 14pt;\"><span style=\"color: #f2f2f2;\"><span style=\"color: #ff6600;\">\u25a0<\/span><\/span><span style=\"color: #f2f2f2;\"><span style=\"color: #ff6600;\">\u25a0<\/span><\/span><span style=\"color: #f2f2f2;\"><span style=\"color: #ff6600;\">\u25a0<\/span><\/span><\/span><\/h1>\n<h1 class=\"overview-title title-md text-center\" style=\"text-align: center;\"><\/h1>\n<div class=\"body-lg color-gray mt-4\">\n<p style=\"text-align: center;\"><span style=\"font-weight: 400; color: #f2f2f2;\">Our job is to bring your ideas to life through our creativity and the expertise of our team. We work with all types of companies: from the startups that need a full foundational approach, including brand conception, concepts, and design, to communication development and market readiness, to large companies that need a visual refresh.<\/span><\/p>\n<p style=\"text-align: center;\"><span style=\"font-weight: 400; color: #f2f2f2;\">These are our areas of expertise that help our clients stand out in their markets.<\/span><\/p>\n<p style=\"text-align: center;\"><span style=\"color: #f2f2f2;\"><img loading=\"lazy\" decoding=\"async\" class=\"wp-image-14796 aligncenter\" src=\"https:\/\/iappropaganda.com.br\/wp-content\/uploads\/2024\/05\/icone.png\" alt=\"\" width=\"20\" height=\"20\" \/><\/span><\/p>\n<\/div>\n<\/div>\n<\/div><\/div><\/div><\/div><div id=\"pgc-27-0-2\"  class=\"panel-grid-cell panel-grid-cell-empty\" ><\/div><\/div><\/div><div id=\"pg-27-1\"  class=\"panel-grid panel-has-style\" ><div id=\"design\" class=\"panel-row-style panel-row-style-for-27-1\" ><div id=\"pgc-27-1-0\"  class=\"panel-grid-cell panel-grid-cell-empty\" ><\/div><div id=\"pgc-27-1-1\"  class=\"panel-grid-cell\" ><div class=\"panel-cell-style panel-cell-style-for-27-1-1\" ><div id=\"panel-27-1-1-0\" class=\"so-panel widget widget_sow-editor panel-first-child panel-last-child\" data-index=\"1\" ><div class=\"panel-widget-style panel-widget-style-for-27-1-1-0\" ><div\n\t\t\t\n\t\t\tclass=\"so-widget-sow-editor so-widget-sow-editor-base\"\n\t\t\t\n\t\t>\n<div class=\"siteorigin-widget-tinymce textwidget\">\n\t<p><span style=\"font-size: 8pt;\">-<\/span><\/p>\n<\/div>\n<\/div><\/div><\/div><\/div><\/div><div id=\"pgc-27-1-2\"  class=\"panel-grid-cell panel-grid-cell-mobile-last\" ><div class=\"panel-cell-style panel-cell-style-for-27-1-2\" ><div id=\"panel-27-1-2-0\" class=\"so-panel widget widget_sow-image panel-first-child\" data-index=\"2\" ><div class=\"panel-widget-style panel-widget-style-for-27-1-2-0\" ><div\n\t\t\t\n\t\t\tclass=\"so-widget-sow-image so-widget-sow-image-default-8b5b6f678277-27\"\n\t\t\t\n\t\t>\n<div class=\"sow-image-container\">\n\t\t<img \n\tsrc=\"https:\/\/live.staticflickr.com\/65535\/53821340927_acf0a621d0_o_d.jpg\" title=\"Services\" alt=\"\" \t\tclass=\"so-widget-image\"\/>\n\t<\/div>\n\n<\/div><\/div><\/div><div id=\"panel-27-1-2-1\" class=\"so-panel widget widget_sow-editor panel-last-child\" data-index=\"3\" ><div\n\t\t\t\n\t\t\tclass=\"so-widget-sow-editor so-widget-sow-editor-base\"\n\t\t\t\n\t\t>\n<div class=\"siteorigin-widget-tinymce textwidget\">\n\t<div class=\"title title-md\">\n<h1 style=\"text-align: left;\"><span style=\"color: #f2f2f2; font-size: 18pt;\"><span style=\"background-color: #ff5a00;\">\u00a0 <span style=\"color: #282828;\">D\u00a0 <\/span><\/span><\/span><span style=\"color: #f2f2f2;\">Design and Brand Identity<\/span><\/h1>\n<\/div>\n<div class=\"text\">\n<h6 class=\"color-red\"><span style=\"color: #ff5a00;\">MAKE YOUR BRAND SHINE <\/span><span style=\"font-size: 14pt;\"><span style=\"color: #f2f2f2;\"><span style=\"color: #ff6600;\">\u25a0<\/span><\/span><span style=\"color: #f2f2f2;\"><span style=\"color: #ff6600;\">\u25a0<\/span><\/span><span style=\"color: #f2f2f2;\"><span style=\"color: #ff6600;\">\u25a0<\/span><\/span><\/span><\/h6>\n<p><span style=\"font-weight: 400; color: #ffffff;\">At IAP Advertising, we know that first impressions last. With our Design and Visual Identity service, your brand will come to life in a way that impresses, captivates, and leaves a lasting mark.<\/span><\/p>\n<p><span style=\"color: #ff6600;\"><b>Packaging Design: <\/b><\/span><span style=\"font-weight: 400; color: #ffffff;\">Let us wrap your products in designs that stand out on the shelves, transforming shoppers into loyal customers.<\/span><\/p>\n<p><span style=\"color: #ff6600;\"><b>Brand Identity: <\/b><\/span><span style=\"font-weight: 400; color: #ffffff;\">We create identities that tell your story and establish an emotional connection with your audience, making your brand unforgettable.<\/span><\/p>\n<p><span style=\"color: #ff6600;\"><b>Social Media Design: <\/b><\/span><span style=\"font-weight: 400; color: #ffffff;\">On social media, your brand needs to be unique. Our team designs engaging and strategic visuals to attract and retain followers.<\/span><\/p>\n<p><span style=\"font-weight: 400; color: #ffffff;\">It's not just design; it's creating a memorable visual experience. Make your brand shine with IAP Advertising's Design and Brand Identity.<\/span><\/p>\n<div class=\"cta mt-3\"><a href=\"https:\/\/iappropaganda.com.br\/en\/cases-selecionados\/?subcategory=design\"><span style=\"color: #ff5a00;\">SEE THE PROJECTS<\/span> <span style=\"background-color: #ff5a00; color: #f2f2f2; font-size: 18pt;\">\u00a0<strong><span style=\"color: #181818;\">\u2192<\/span><\/strong><\/span><span style=\"font-size: 18pt; color: #282828; background-color: #ff5a00;\">\u00a0<\/span><\/a><\/div>\n<\/div>\n<\/div>\n<\/div><\/div><\/div><\/div><div id=\"pgc-27-1-3\"  class=\"panel-grid-cell panel-grid-cell-empty\" ><\/div><\/div><\/div><div id=\"pg-27-2\"  class=\"panel-grid panel-has-style\" ><div id=\"web\" class=\"panel-row-style panel-row-style-for-27-2\" ><div id=\"pgc-27-2-0\"  class=\"panel-grid-cell panel-grid-cell-empty\" ><\/div><div id=\"pgc-27-2-1\"  class=\"panel-grid-cell\" ><div class=\"panel-cell-style panel-cell-style-for-27-2-1\" ><div id=\"panel-27-2-1-0\" class=\"so-panel widget widget_sow-image panel-first-child\" data-index=\"4\" ><div class=\"panel-widget-style panel-widget-style-for-27-2-1-0\" ><div\n\t\t\t\n\t\t\tclass=\"so-widget-sow-image so-widget-sow-image-default-8b5b6f678277-27\"\n\t\t\t\n\t\t>\n<div class=\"sow-image-container\">\n\t\t<img \n\tsrc=\"https:\/\/live.staticflickr.com\/65535\/53822591679_e6de861dc1_o_d.jpg\" title=\"Services\" alt=\"\" \t\tclass=\"so-widget-image\"\/>\n\t<\/div>\n\n<\/div><\/div><\/div><div id=\"panel-27-2-1-1\" class=\"so-panel widget widget_sow-editor panel-last-child\" data-index=\"5\" ><div\n\t\t\t\n\t\t\tclass=\"so-widget-sow-editor so-widget-sow-editor-base\"\n\t\t\t\n\t\t>\n<div class=\"siteorigin-widget-tinymce textwidget\">\n\t<div class=\"title title-md\">\n<h1 style=\"text-align: left;\"><span style=\"color: #f2f2f2; font-size: 18pt;\"><span style=\"background-color: #ff5a00;\">\u00a0 <span style=\"color: #282828;\">W\u00a0 <\/span><\/span><\/span><span style=\"color: #f2f2f2;\">Web and Online<\/span><\/h1>\n<\/div>\n<div class=\"text\">\n<h6 class=\"color-red\"><span style=\"color: #ff5a00;\">CONQUER THE DIGITAL WORLD <\/span><span style=\"font-size: 14pt;\"><span style=\"color: #f2f2f2;\"><span style=\"color: #ff6600;\">\u25a0<\/span><\/span><span style=\"color: #f2f2f2;\"><span style=\"color: #ff6600;\">\u25a0<\/span><\/span><span style=\"color: #f2f2f2;\"><span style=\"color: #ff6600;\">\u25a0<\/span><\/span><\/span><\/h6>\n<p><span style=\"font-weight: 400; color: #ffffff;\">At IAP Propaganda, we know that the business world is online, and that's where your brand needs to shine. With our Web and Online services, we bring your digital presence to life in a way that impacts, attracts, and drives success.<\/span><\/p>\n<p><span style=\"color: #ff6600;\"><b>Websites<\/b><\/span><span style=\"font-weight: 400;\"><span style=\"color: #ff6600;\">:<\/span> <span style=\"color: #ffffff;\">We create captivating and functional websites that not only impress but also convert visitors into customers.<\/span><\/span><\/p>\n<p><span style=\"color: #ff6600;\"><b>Landing Pages:<\/b><\/span><span style=\"font-weight: 400;\"><span style=\"color: #ffffff;\"> For successful campaigns, we create optimized landing pages that drive traffic to take action.<\/span><\/span><\/p>\n<p><span style=\"color: #ff6600;\"><b>Social Media Management:<\/b><\/span><span style=\"font-weight: 400; color: #ffffff;\"> On social media, your brand needs to stand out. Our team manages your online presence, building relationships and increasing visibility.<\/span><\/p>\n<p><span style=\"color: #ff6600;\"><b>E-commerce:<\/b><\/span><span style=\"font-weight: 400; color: #ffffff;\"> We facilitate online sales by making the shopping experience appealing and efficient.<\/span><\/p>\n<p><span style=\"font-weight: 400; color: #ffffff;\">From creating an impactful website to strategic social media management and boosting online sales, your digital success is our priority. Conquer the online world with IAP Propaganda.<\/span><\/p>\n<div class=\"cta mt-3\"><a href=\"https:\/\/iappropaganda.com.br\/en\/cases-selecionados\/?subcategory=web\"><span style=\"color: #ff5a00;\">SEE THE PROJECTS<\/span> <span style=\"background-color: #ff5a00; color: #f2f2f2; font-size: 18pt;\">\u00a0<strong><span style=\"color: #181818;\">\u2192<\/span><\/strong><\/span><span style=\"font-size: 18pt; color: #282828; background-color: #ff5a00;\">\u00a0<\/span><\/a><\/div>\n<\/div>\n<\/div>\n<\/div><\/div><\/div><\/div><div id=\"pgc-27-2-2\"  class=\"panel-grid-cell panel-grid-cell-mobile-last\" ><div class=\"panel-cell-style panel-cell-style-for-27-2-2\" ><div id=\"panel-27-2-2-0\" class=\"so-panel widget widget_sow-editor panel-first-child panel-last-child\" data-index=\"6\" ><div class=\"panel-widget-style panel-widget-style-for-27-2-2-0\" ><div\n\t\t\t\n\t\t\tclass=\"so-widget-sow-editor so-widget-sow-editor-base\"\n\t\t\t\n\t\t>\n<div class=\"siteorigin-widget-tinymce textwidget\">\n\t<p><span style=\"font-size: 8pt;\">-<\/span><\/p>\n<\/div>\n<\/div><\/div><\/div><\/div><\/div><div id=\"pgc-27-2-3\"  class=\"panel-grid-cell panel-grid-cell-empty\" ><\/div><\/div><\/div><div id=\"pg-27-3\"  class=\"panel-grid panel-has-style\" ><div id=\"design\" class=\"panel-row-style panel-row-style-for-27-3\" ><div id=\"pgc-27-3-0\"  class=\"panel-grid-cell panel-grid-cell-empty\" ><\/div><div id=\"pgc-27-3-1\"  class=\"panel-grid-cell\" ><div class=\"panel-cell-style panel-cell-style-for-27-3-1\" ><div id=\"panel-27-3-1-0\" class=\"so-panel widget widget_sow-editor panel-first-child panel-last-child\" data-index=\"7\" ><div class=\"panel-widget-style panel-widget-style-for-27-3-1-0\" ><div\n\t\t\t\n\t\t\tclass=\"so-widget-sow-editor so-widget-sow-editor-base\"\n\t\t\t\n\t\t>\n<div class=\"siteorigin-widget-tinymce textwidget\">\n\t<p><span style=\"font-size: 8pt;\">-<\/span><\/p>\n<\/div>\n<\/div><\/div><\/div><\/div><\/div><div id=\"pgc-27-3-2\"  class=\"panel-grid-cell panel-grid-cell-mobile-last\" ><div class=\"panel-cell-style panel-cell-style-for-27-3-2\" ><div id=\"panel-27-3-2-0\" class=\"so-panel widget widget_sow-image panel-first-child\" data-index=\"8\" ><div class=\"panel-widget-style panel-widget-style-for-27-3-2-0\" ><div\n\t\t\t\n\t\t\tclass=\"so-widget-sow-image so-widget-sow-image-default-8b5b6f678277-27\"\n\t\t\t\n\t\t>\n<div class=\"sow-image-container\">\n\t\t<img \n\tsrc=\"https:\/\/live.staticflickr.com\/65535\/53822591674_99c221a38e_o_d.jpg\" title=\"Services\" alt=\"\" \t\tclass=\"so-widget-image\"\/>\n\t<\/div>\n\n<\/div><\/div><\/div><div id=\"panel-27-3-2-1\" class=\"so-panel widget widget_sow-editor panel-last-child\" data-index=\"9\" ><div\n\t\t\t\n\t\t\tclass=\"so-widget-sow-editor so-widget-sow-editor-base\"\n\t\t\t\n\t\t>\n<div class=\"siteorigin-widget-tinymce textwidget\">\n\t<div class=\"title title-md\">\n<h1 style=\"text-align: left;\"><span style=\"color: #f2f2f2; font-size: 18pt;\"><span style=\"background-color: #ff5a00;\">\u00a0 <span style=\"color: #282828;\">P\u00a0 <\/span><\/span><\/span><span style=\"color: #f2f2f2;\">Advertising<\/span><\/h1>\n<\/div>\n<div class=\"text\">\n<h6 class=\"color-red\"><span style=\"color: #ff5a00;\">BOOST YOUR SUCCESS WITH STRATEGY AND CREATIVITY <\/span><span style=\"font-size: 14pt;\"><span style=\"color: #f2f2f2;\"><span style=\"color: #ff6600;\">\u25a0<\/span><\/span><span style=\"color: #f2f2f2;\"><span style=\"color: #ff6600;\">\u25a0<\/span><\/span><span style=\"color: #f2f2f2;\"><span style=\"color: #ff6600;\">\u25a0<\/span><\/span><\/span><\/h6>\n<p><span style=\"color: #f2f2f2;\">At IAP Advertising, we believe that marketing is not just a task; it's an art. With our Marketing service, we turn strategies into tangible results in a way that engages, inspires, and takes your brand to the next level.<\/span><\/p>\n<p><span style=\"color: #ff6600;\"><b>Marketing Campaigns:<\/b><\/span><span style=\"font-weight: 400; color: #ffffff;\"> We create campaigns that tell stories, engage the audience, and drive conversions. Each campaign is a captivating narrative that drives success.<\/span><\/p>\n<p><span style=\"color: #ff6600;\"><b>Marketing Actions:<\/b><\/span><span style=\"font-weight: 400; color: #ffffff;\"> We go beyond conventional ideas. Our marketing actions are innovative, creative, and effective in standing out in a competitive market.<\/span><\/p>\n<p><span style=\"color: #ff6600;\"><b>Google Ads and Meta Ads:<\/b><\/span><span style=\"font-weight: 400; color: #ffffff;\"> Reach your ideal audience with strategically targeted ads. Appear when it matters and convert clicks into customers.<\/span><\/p>\n<p><span style=\"font-weight: 400; color: #ffffff;\">Boost your success with strategy and creativity. Let us be the catalyst for your growth. With IAP Advertising's marketing, you don\u2019t just promote\u2014you dominate the market.<\/span><\/p>\n<div class=\"cta mt-3\"><a href=\"https:\/\/iappropaganda.com.br\/en\/cases-selecionados\/?subcategory=publicidade\"><span style=\"color: #ff5a00;\">SEE THE PROJECTS<\/span> <span style=\"background-color: #ff5a00; color: #f2f2f2; font-size: 18pt;\">\u00a0<strong><span style=\"color: #181818;\">\u2192<\/span><\/strong><\/span><span style=\"font-size: 18pt; color: #282828; background-color: #ff5a00;\">\u00a0<\/span><\/a><\/div>\n<\/div>\n<\/div>\n<\/div><\/div><\/div><\/div><div id=\"pgc-27-3-3\"  class=\"panel-grid-cell panel-grid-cell-empty\" ><\/div><\/div><\/div><\/div>","protected":false},"excerpt":{"rendered":"<p>Design \u25a0 Web \u25a0 Publicidade \u25a0\u25a0\u25a0 Nosso trabalho \u00e9 dar vida \u00e0s suas ideias, atrav\u00e9s da nossa criatividade e das expertises que o nosso time possui. Trabalhamos com todos os tipos de empresas: desde as mais iniciantes, que necessitam de todo um trabalho de base, desde a concep\u00e7\u00e3o, conceitos e design de marca, desenvolvimento da [&hellip;]<\/p>\n","protected":false},"author":1,"featured_media":0,"parent":0,"menu_order":0,"comment_status":"closed","ping_status":"closed","template":"","meta":{"iawp_total_views":138,"footnotes":""},"class_list":["post-27","page","type-page","status-publish","hentry","post"],"_links":{"self":[{"href":"https:\/\/iappropaganda.com.br\/en\/wp-json\/wp\/v2\/pages\/27","targetHints":{"allow":["GET"]}}],"collection":[{"href":"https:\/\/iappropaganda.com.br\/en\/wp-json\/wp\/v2\/pages"}],"about":[{"href":"https:\/\/iappropaganda.com.br\/en\/wp-json\/wp\/v2\/types\/page"}],"author":[{"embeddable":true,"href":"https:\/\/iappropaganda.com.br\/en\/wp-json\/wp\/v2\/users\/1"}],"replies":[{"embeddable":true,"href":"https:\/\/iappropaganda.com.br\/en\/wp-json\/wp\/v2\/comments?post=27"}],"version-history":[{"count":6,"href":"https:\/\/iappropaganda.com.br\/en\/wp-json\/wp\/v2\/pages\/27\/revisions"}],"predecessor-version":[{"id":953,"href":"https:\/\/iappropaganda.com.br\/en\/wp-json\/wp\/v2\/pages\/27\/revisions\/953"}],"wp:attachment":[{"href":"https:\/\/iappropaganda.com.br\/en\/wp-json\/wp\/v2\/media?parent=27"}],"curies":[{"name":"wp","href":"https:\/\/api.w.org\/{rel}","templated":true}]}}