{"id":28,"date":"2024-04-24T22:54:21","date_gmt":"2024-04-25T01:54:21","guid":{"rendered":"http:\/\/localhost:8888\/UltimaIAP\/?page_id=14"},"modified":"2025-02-10T18:59:10","modified_gmt":"2025-02-10T18:59:10","slug":"cases-selecionados","status":"publish","type":"page","link":"https:\/\/iappropaganda.com.br\/en\/cases-selecionados\/","title":{"rendered":"SELECTED CASES"},"content":{"rendered":"<div id=\"pl-28\"  class=\"panel-layout\" ><div id=\"pg-28-0\"  class=\"panel-grid panel-has-style\" ><div class=\"panel-row-style panel-row-style-for-28-0\" ><div id=\"pgc-28-0-0\"  class=\"panel-grid-cell panel-grid-cell-empty\" ><\/div><div id=\"pgc-28-0-1\"  class=\"panel-grid-cell panel-grid-cell-mobile-last\" ><div class=\"panel-cell-style panel-cell-style-for-28-0-1\" ><div id=\"panel-28-0-1-0\" class=\"so-panel widget widget_sow-editor panel-first-child panel-last-child\" data-index=\"0\" ><div class=\"panel-widget-style panel-widget-style-for-28-0-1-0\" ><div\n\t\t\t\n\t\t\tclass=\"so-widget-sow-editor so-widget-sow-editor-base\"\n\t\t\t\n\t\t>\n<div class=\"siteorigin-widget-tinymce textwidget\">\n\t<h1 class=\"overview-title title-md text-center\" style=\"text-align: center;\"><span style=\"color: #f2f2f2;\">OUR WORK<\/span><\/h1>\n<h1 class=\"overview-title title-md text-center\" style=\"text-align: center;\"><span style=\"font-size: 14pt;\"><span style=\"color: #f2f2f2;\"><span style=\"color: #ff6600;\">\u25a0<\/span><\/span><span style=\"color: #f2f2f2;\"><span style=\"color: #ff6600;\">\u25a0<\/span><\/span><span style=\"color: #f2f2f2;\"><span style=\"color: #ff6600;\">\u25a0<\/span><\/span><\/span><\/h1>\n<div class=\"body-lg color-gray mt-4\">\n<p class=\"sow-headline\" style=\"text-align: center;\"><span style=\"color: #f2f2f2;\">These are the projects we've developed, the experiences we've created, and the stories we've told.<\/span><\/p>\n<p style=\"text-align: center;\"><span style=\"color: #f2f2f2;\"><img loading=\"lazy\" decoding=\"async\" class=\"wp-image-14796 aligncenter\" src=\"https:\/\/iappropaganda.com.br\/wp-content\/uploads\/2024\/05\/icone.png\" alt=\"\" width=\"20\" height=\"20\" \/><\/span><\/p>\n<\/div>\n<\/div>\n<\/div><\/div><\/div><\/div><\/div><div id=\"pgc-28-0-2\"  class=\"panel-grid-cell panel-grid-cell-empty\" ><\/div><\/div><\/div><div id=\"pg-28-1\"  class=\"panel-grid panel-has-style\" ><div id=\"marcas\" class=\"panel-row-style panel-row-style-for-28-1\" ><div id=\"pgc-28-1-0\"  class=\"panel-grid-cell panel-grid-cell-empty\" ><\/div><div id=\"pgc-28-1-1\"  class=\"panel-grid-cell panel-grid-cell-mobile-last\" ><div class=\"panel-cell-style panel-cell-style-for-28-1-1\" ><div id=\"panel-28-1-1-0\" class=\"so-panel widget widget_sow-editor panel-first-child\" data-index=\"1\" ><div class=\"panel-widget-style panel-widget-style-for-28-1-1-0\" ><div\n\t\t\t\n\t\t\tclass=\"so-widget-sow-editor so-widget-sow-editor-base\"\n\t\t\t\n\t\t>\n<div class=\"siteorigin-widget-tinymce textwidget\">\n\t<h1 class=\"overview-title title-md text-center\" style=\"text-align: center;\"><span style=\"font-size: 14pt;\"><span style=\"color: #f2f2f2;\"><span style=\"color: #ff6600;\">\u25a0<\/span><\/span><span style=\"color: #f2f2f2;\"><span style=\"color: #ff6600;\">\u25a0<\/span><\/span><span style=\"color: #f2f2f2;\"><span style=\"color: #ff6600;\">\u25a0<\/span><\/span><\/span><\/h1>\n<\/div>\n<\/div><\/div><\/div><div id=\"panel-28-1-1-1\" class=\"widget_text so-panel widget widget_custom_html\" data-index=\"2\" ><div class=\"textwidget custom-html-widget\"><div class=\"cases-filter\"><div class=\"cases-filter-title\"><span class=\"material-symbols-outlined\">grid_on<\/span> Conhe\u00e7a nossos Trabalhos<\/div><select id=\"cases-dropdown\" onchange=\"location = this.value;\"><option value=\"\/en\/wp-json\/wp\/v2\/pages\/28\" selected>Todos<\/option><option value=\"\/en\/wp-json\/wp\/v2\/pages\/28?subcategory=design\" >Design<\/option><option value=\"\/en\/wp-json\/wp\/v2\/pages\/28?subcategory=publicidade\" >Advertising<\/option><option value=\"\/en\/wp-json\/wp\/v2\/pages\/28?subcategory=web\" >Web<\/option><\/select><\/div><div class=\"cases-grid\"><div class=\"case-item\"><a href=\"https:\/\/iappropaganda.com.br\/en\/samuell-almeida-seja-a-noiva-que-voce-sempre-sonhou\/\"><div class=\"case-image\" style=\"background-image: url(https:\/\/i1.wp.com\/live.staticflickr.com\/65535\/54134985603_7e5b6442a2_o_d.jpg?w=1024&#038;resize=1024,1024&#038;ssl=1);\"><div class=\"case-overlay\"><h2 class=\"case-title\">Samuell Almeida: Be the Bride You've Always Dreamed of<\/h2><p class=\"case-category\">Advertising<\/p><\/div><\/div><\/a><\/div><div class=\"case-item\"><a href=\"https:\/\/iappropaganda.com.br\/en\/samuell-almeida\/\"><div class=\"case-image\" style=\"background-image: url(https:\/\/i2.wp.com\/live.staticflickr.com\/65535\/53878303857_aee2ffa83c_k_d.jpg?w=1024&#038;resize=1024,1024&#038;ssl=1);\"><div class=\"case-overlay\"><h2 class=\"case-title\">Samuell Almeida<\/h2><p class=\"case-category\">Design<\/p><\/div><\/div><\/a><\/div><div class=\"case-item\"><a href=\"https:\/\/iappropaganda.com.br\/en\/marina-andrade\/\"><div class=\"case-image\" style=\"background-image: url(https:\/\/i1.wp.com\/live.staticflickr.com\/65535\/53889118519_08f51e28db_o_d.jpg?w=1024&#038;resize=1024,1024&#038;ssl=1);\"><div class=\"case-overlay\"><h2 class=\"case-title\">Marina Andrade<\/h2><p class=\"case-category\">Web<\/p><\/div><\/div><\/a><\/div><div class=\"case-item\"><a href=\"https:\/\/iappropaganda.com.br\/en\/todos-pelo-futebol\/\"><div class=\"case-image\" style=\"background-image: url(https:\/\/i2.wp.com\/live.staticflickr.com\/65535\/54321044329_a85b86ece2_k_d.jpg?w=1024&#038;resize=1024,1024&#038;ssl=1);\"><div class=\"case-overlay\"><h2 class=\"case-title\">Todos Pelo Futebol<\/h2><p class=\"case-category\">Design<\/p><\/div><\/div><\/a><\/div><div class=\"case-item\"><a href=\"https:\/\/iappropaganda.com.br\/en\/transformando-ideias-em-negocios\/\"><div class=\"case-image\" style=\"background-image: url(https:\/\/i3.wp.com\/live.staticflickr.com\/65535\/53934437850_29e990c704_o_d.jpg?w=1024&#038;resize=1024,1024&#038;ssl=1);\"><div class=\"case-overlay\"><h2 class=\"case-title\">Transformando Ideias em Neg\u00f3cios<\/h2><p class=\"case-category\">Advertising<\/p><\/div><\/div><\/a><\/div><div class=\"case-item\"><a href=\"https:\/\/iappropaganda.com.br\/en\/40emais-saude-e-bem-estar\/\"><div class=\"case-image\" style=\"background-image: url(https:\/\/i0.wp.com\/live.staticflickr.com\/65535\/53934402348_ef6c6ff133_k_d.jpg?w=1024&#038;resize=1024,1024&#038;ssl=1);\"><div class=\"case-overlay\"><h2 class=\"case-title\">40EMAIS Health and Wellness<\/h2><p class=\"case-category\">Advertising<\/p><\/div><\/div><\/a><\/div><div class=\"case-item\"><a href=\"https:\/\/iappropaganda.com.br\/en\/40emais-clube\/\"><div class=\"case-image\" style=\"background-image: url(https:\/\/i3.wp.com\/live.staticflickr.com\/65535\/53887824512_2e6e0c5bb8_o_d.jpg?w=1024&#038;resize=1024,1024&#038;ssl=1);\"><div class=\"case-overlay\"><h2 class=\"case-title\">40EMAIS Clube<\/h2><p class=\"case-category\">Web<\/p><\/div><\/div><\/a><\/div><div class=\"case-item\"><a href=\"https:\/\/iappropaganda.com.br\/en\/conecta-40emais\/\"><div class=\"case-image\" style=\"background-image: url(https:\/\/i2.wp.com\/live.staticflickr.com\/65535\/53888728586_45588f6871_o_d.jpg?w=1024&#038;resize=1024,1024&#038;ssl=1);\"><div class=\"case-overlay\"><h2 class=\"case-title\">Conecta 40EMAIS<\/h2><p class=\"case-category\">Web<\/p><\/div><\/div><\/a><\/div><div class=\"case-item\"><a href=\"https:\/\/iappropaganda.com.br\/en\/embalagens-liri-chocolates\/\"><div class=\"case-image\" style=\"background-image: url(https:\/\/i2.wp.com\/live.staticflickr.com\/65535\/53886240497_efd6dd7e43_o_d.jpg?w=1024&#038;resize=1024,1024&#038;ssl=1);\"><div class=\"case-overlay\"><h2 class=\"case-title\">Liri Chocolates Packaging<\/h2><p class=\"case-category\">Design<\/p><\/div><\/div><\/a><\/div><div class=\"case-item\"><a href=\"https:\/\/iappropaganda.com.br\/en\/mulheres-em-foco-2\/\"><div class=\"case-image\" style=\"background-image: url(https:\/\/i3.wp.com\/live.staticflickr.com\/65535\/53934422924_902e73c8f4_k_d.jpg?w=1024&#038;resize=1024,1024&#038;ssl=1);\"><div class=\"case-overlay\"><h2 class=\"case-title\">Mulheres em Foco 2<\/h2><p class=\"case-category\">Advertising<\/p><\/div><\/div><\/a><\/div><div class=\"case-item\"><a href=\"https:\/\/iappropaganda.com.br\/en\/gadu-decor\/\"><div class=\"case-image\" style=\"background-image: url(https:\/\/i1.wp.com\/images.pexels.com\/photos\/2326958\/pexels-photo-2326958.jpeg?auto=compress&#038;cs=tinysrgb&#038;w=1260&#038;h=750&#038;dpr=1&#038;w=1024&#038;resize=1024,1024&#038;ssl=1);\"><div class=\"case-overlay\"><h2 class=\"case-title\">Gadu Decor<\/h2><p class=\"case-category\">Web<\/p><\/div><\/div><\/a><\/div><div class=\"case-item\"><a href=\"https:\/\/iappropaganda.com.br\/en\/40emais\/\"><div class=\"case-image\" style=\"background-image: url(https:\/\/wp.fifu.app\/iappropaganda.com.br\/aHR0cHM6Ly9saDMuZ29vZ2xldXNlcmNvbnRlbnQuY29tL2RyaXZlLXZpZXdlci9BS0dwaWhhbWFHVHN4ZDUyUWdwM0k2cjFoWmZOMlhCOS1iMmhsZUFuZWFzUE9Vai1ONWh0eG41UmpGTzdsZVBlbzFlMFhCazhvZ2FpTGNVVXlIZlRSWm5VcjZVQ1ZfNlJfSW1rYUlFPXMxNjAwLXJ3LXYx\/d1adba2781f7\/40emais.webp?w=1024&#038;h=1024&#038;c=0&#038;p=149);\"><div class=\"case-overlay\"><h2 class=\"case-title\">40EMAIS.<\/h2><p class=\"case-category\"><\/p><\/div><\/div><\/a><\/div><div class=\"case-item\"><a href=\"https:\/\/iappropaganda.com.br\/en\/embalagens-veg-me-food\/\"><div class=\"case-image\" style=\"background-image: url(https:\/\/i0.wp.com\/live.staticflickr.com\/65535\/54139766734_7d7a8c4335_o_d.jpg?w=1024&#038;resize=1024,1024&#038;ssl=1);\"><div class=\"case-overlay\"><h2 class=\"case-title\">Embalagens Veg.me Food<\/h2><p class=\"case-category\">Design<\/p><\/div><\/div><\/a><\/div><div class=\"case-item\"><a href=\"https:\/\/iappropaganda.com.br\/en\/liri-chocolates-veganos\/\"><div class=\"case-image\" style=\"background-image: url(https:\/\/i0.wp.com\/live.staticflickr.com\/65535\/53887036856_68035d473f_k_d.jpg?w=1024&#038;resize=1024,1024&#038;ssl=1);\"><div class=\"case-overlay\"><h2 class=\"case-title\">Liri Chocolates Veganos<\/h2><p class=\"case-category\">Design<\/p><\/div><\/div><\/a><\/div><div class=\"case-item\"><a href=\"https:\/\/iappropaganda.com.br\/en\/cardoso-tavelli\/\"><div class=\"case-image\" style=\"background-image: url(https:\/\/i1.wp.com\/images.pexels.com\/photos\/3985080\/pexels-photo-3985080.jpeg?auto=compress&#038;cs=tinysrgb&#038;w=1260&#038;h=750&#038;dpr=1&#038;w=1024&#038;resize=1024,1024&#038;ssl=1);\"><div class=\"case-overlay\"><h2 class=\"case-title\">Cardoso &#038; Tavelli<\/h2><p class=\"case-category\">Design<\/p><\/div><\/div><\/a><\/div><div class=\"case-item\"><a href=\"https:\/\/iappropaganda.com.br\/en\/vegme-food\/\"><div class=\"case-image\" style=\"background-image: url(https:\/\/i0.wp.com\/live.staticflickr.com\/65535\/53851794486_199cf4a2f7_o_d.jpg?w=1024&#038;resize=1024,1024&#038;ssl=1);\"><div class=\"case-overlay\"><h2 class=\"case-title\">Veg.me Food<\/h2><p class=\"case-category\">Design<\/p><\/div><\/div><\/a><\/div><\/div><\/div><\/div><div id=\"panel-28-1-1-2\" class=\"so-panel widget widget_sow-editor panel-last-child\" data-index=\"3\" ><div class=\"panel-widget-style panel-widget-style-for-28-1-1-2\" ><div\n\t\t\t\n\t\t\tclass=\"so-widget-sow-editor so-widget-sow-editor-base\"\n\t\t\t\n\t\t>\n<div class=\"siteorigin-widget-tinymce textwidget\">\n\t<div class=\"body-lg color-gray mt-4\">\n<p style=\"text-align: center;\"><span style=\"color: #f2f2f2;\"><img loading=\"lazy\" decoding=\"async\" class=\"wp-image-14796 aligncenter\" src=\"https:\/\/iappropaganda.com.br\/wp-content\/uploads\/2024\/05\/icone.png\" alt=\"\" width=\"20\" height=\"20\" \/><\/span><\/p>\n<\/div>\n<\/div>\n<\/div><\/div><\/div><\/div><\/div><div id=\"pgc-28-1-2\"  class=\"panel-grid-cell panel-grid-cell-empty\" ><\/div><\/div><\/div><\/div>","protected":false},"excerpt":{"rendered":"<p>CONHE\u00c7A O NOSSO TRABALHO \u25a0\u25a0\u25a0 Esses s\u00e3o os trabalhos que j\u00e1 desenvolvemos, as experi\u00eancias que criamos, e as hist\u00f3rias que j\u00e1 contamos. \u25a0\u25a0\u25a0<\/p>","protected":false},"author":1,"featured_media":0,"parent":0,"menu_order":0,"comment_status":"closed","ping_status":"closed","template":"","meta":{"iawp_total_views":218,"footnotes":""},"class_list":["post-28","page","type-page","status-publish","hentry","post"],"_links":{"self":[{"href":"https:\/\/iappropaganda.com.br\/en\/wp-json\/wp\/v2\/pages\/28","targetHints":{"allow":["GET"]}}],"collection":[{"href":"https:\/\/iappropaganda.com.br\/en\/wp-json\/wp\/v2\/pages"}],"about":[{"href":"https:\/\/iappropaganda.com.br\/en\/wp-json\/wp\/v2\/types\/page"}],"author":[{"embeddable":true,"href":"https:\/\/iappropaganda.com.br\/en\/wp-json\/wp\/v2\/users\/1"}],"replies":[{"embeddable":true,"href":"https:\/\/iappropaganda.com.br\/en\/wp-json\/wp\/v2\/comments?post=28"}],"version-history":[{"count":5,"href":"https:\/\/iappropaganda.com.br\/en\/wp-json\/wp\/v2\/pages\/28\/revisions"}],"predecessor-version":[{"id":431,"href":"https:\/\/iappropaganda.com.br\/en\/wp-json\/wp\/v2\/pages\/28\/revisions\/431"}],"wp:attachment":[{"href":"https:\/\/iappropaganda.com.br\/en\/wp-json\/wp\/v2\/media?parent=28"}],"curies":[{"name":"wp","href":"https:\/\/api.w.org\/{rel}","templated":true}]}}