{"id":29,"date":"2024-04-24T22:54:59","date_gmt":"2024-04-25T01:54:59","guid":{"rendered":"http:\/\/localhost:8888\/UltimaIAP\/?page_id=16"},"modified":"2025-02-10T19:01:24","modified_gmt":"2025-02-10T19:01:24","slug":"contato","status":"publish","type":"page","link":"https:\/\/iappropaganda.com.br\/en\/contato\/","title":{"rendered":"Contact us"},"content":{"rendered":"<div id=\"pl-29\"  class=\"panel-layout\" ><div id=\"pg-29-0\"  class=\"panel-grid panel-has-style\" ><div class=\"panel-row-style panel-row-style-for-29-0\" ><div id=\"pgc-29-0-0\"  class=\"panel-grid-cell panel-grid-cell-empty\" ><\/div><div id=\"pgc-29-0-1\"  class=\"panel-grid-cell panel-grid-cell-mobile-last\" ><div class=\"panel-cell-style panel-cell-style-for-29-0-1\" ><div id=\"panel-29-0-1-0\" class=\"so-panel widget widget_sow-editor panel-first-child panel-last-child\" data-index=\"0\" ><div class=\"panel-widget-style panel-widget-style-for-29-0-1-0\" ><div\n\t\t\t\n\t\t\tclass=\"so-widget-sow-editor so-widget-sow-editor-base\"\n\t\t\t\n\t\t>\n<div class=\"siteorigin-widget-tinymce textwidget\">\n\t<h1 style=\"text-align: center;\"><\/h1>\n<h1 style=\"text-align: center;\"><span style=\"font-size: 18pt; color: #f2f2f2;\"><strong> GET IN TOUCH WITH US!<br \/>\n<\/strong><\/span><\/h1>\n<p class=\"overview-title title-md text-center\" style=\"text-align: center;\"><span style=\"font-size: 14pt;\"><span style=\"color: #f2f2f2;\"><span style=\"color: #ff6600;\">\u25a0<\/span><\/span><span style=\"color: #f2f2f2;\"><span style=\"color: #ff6600;\">\u25a0<\/span><\/span><span style=\"color: #f2f2f2;\"><span style=\"color: #ff6600;\">\u25a0<\/span><\/span><\/span><\/p>\n<h1 style=\"text-align: center;\"><span style=\"color: #ff5a00; font-size: 12pt;\">Let's start your project today!<\/span><\/h1>\n<\/div>\n<\/div><\/div><\/div><\/div><\/div><div id=\"pgc-29-0-2\"  class=\"panel-grid-cell panel-grid-cell-empty\" ><\/div><\/div><\/div><div id=\"pg-29-1\"  class=\"panel-grid panel-has-style\" ><div class=\"panel-row-style panel-row-style-for-29-1\" ><div id=\"pgc-29-1-0\"  class=\"panel-grid-cell panel-grid-cell-empty\" ><\/div><div id=\"pgc-29-1-1\"  class=\"panel-grid-cell\" ><div class=\"panel-cell-style panel-cell-style-for-29-1-1\" ><div id=\"panel-29-1-1-0\" class=\"so-panel widget widget_sow-editor panel-first-child panel-last-child\" data-index=\"1\" ><div class=\"panel-widget-style panel-widget-style-for-29-1-1-0\" ><div\n\t\t\t\n\t\t\tclass=\"so-widget-sow-editor so-widget-sow-editor-base\"\n\t\t\t\n\t\t>\n<div class=\"siteorigin-widget-tinymce textwidget\">\n\t<h1><span style=\"font-size: 12pt; color: #ff5f00;\">OUR HEADQUARTERS <span style=\"font-size: 14pt;\">\u25a0\u25a0\u25a0<\/span><\/span><\/h1>\n<p><span style=\"color: #f2f2f2; font-size: 10pt;\">92-Bernardino De Campos Av.<\/span><\/p>\n<p><span style=\"color: #f2f2f2; font-size: 10pt;\">Suite 25<\/span><\/p>\n<p><span style=\"color: #f2f2f2; font-size: 10pt;\">Santos, SP 11065000, BRAZIL<\/span><\/p>\n<\/div>\n<\/div><\/div><\/div><\/div><\/div><div id=\"pgc-29-1-2\"  class=\"panel-grid-cell\" ><div class=\"panel-cell-style panel-cell-style-for-29-1-2\" ><div id=\"panel-29-1-2-0\" class=\"so-panel widget widget_sow-editor panel-first-child panel-last-child\" data-index=\"2\" ><div class=\"panel-widget-style panel-widget-style-for-29-1-2-0\" ><div\n\t\t\t\n\t\t\tclass=\"so-widget-sow-editor so-widget-sow-editor-base\"\n\t\t\t\n\t\t>\n<div class=\"siteorigin-widget-tinymce textwidget\">\n\t<h1><span style=\"font-size: 12pt; color: #ff5f00;\">OUR BRANCH <span style=\"font-size: 14pt;\">\u25a0\u25a0\u25a0<\/span><\/span><\/h1>\n<p><span style=\"color: #f2f2f2; font-size: 10pt;\">2-70- Wilson Speridi\u00e3o St<\/span><\/p>\n<p><span style=\"color: #f2f2f2; font-size: 10pt;\">Suite 111D<\/span><\/p>\n<p><span style=\"color: #f2f2f2; font-size: 10pt;\">Bauru, SP 17055-812 - Brazil<\/span><\/p>\n<\/div>\n<\/div><\/div><\/div><\/div><\/div><div id=\"pgc-29-1-3\"  class=\"panel-grid-cell panel-grid-cell-mobile-last\" ><div class=\"panel-cell-style panel-cell-style-for-29-1-3\" ><div id=\"panel-29-1-3-0\" class=\"so-panel widget widget_sow-editor panel-first-child panel-last-child\" data-index=\"3\" ><div class=\"panel-widget-style panel-widget-style-for-29-1-3-0\" ><div\n\t\t\t\n\t\t\tclass=\"so-widget-sow-editor so-widget-sow-editor-base\"\n\t\t\t\n\t\t>\n<div class=\"siteorigin-widget-tinymce textwidget\">\n\t<h1><span style=\"font-size: 12pt; color: #ff5f00;\">NEW PROJECTS <span style=\"font-size: 14pt;\">\u25a0\u25a0\u25a0<\/span><\/span><\/h1>\n<p><span style=\"color: #f2f2f2; font-size: 10pt;\">Telephone: +55 13 9 8121-0705<\/span><\/p>\n<p><span style=\"color: #f2f2f2; font-size: 10pt;\">Email: falecom@iappropaganda.com.br<\/span><\/p>\n<h1 class=\"sow-headline\"><span style=\"font-size: 10pt; color: #ff5f00;\"><a target=\"_blank\" href=\"https:\/\/api.whatsapp.com\/send?phone=5513981210705&amp;text=Ol%C3%A1!\" rel=\"noopener\">Send a message via WhatsApp<\/a><\/span><\/h1>\n<\/div>\n<\/div><\/div><\/div><\/div><\/div><div id=\"pgc-29-1-4\"  class=\"panel-grid-cell panel-grid-cell-empty\" ><\/div><\/div><\/div><div id=\"pg-29-2\"  class=\"panel-grid panel-has-style\" ><div class=\"panel-row-style panel-row-style-for-29-2\" ><div id=\"pgc-29-2-0\"  class=\"panel-grid-cell panel-grid-cell-empty\" ><\/div><div id=\"pgc-29-2-1\"  class=\"panel-grid-cell panel-grid-cell-mobile-last\" ><div class=\"panel-cell-style panel-cell-style-for-29-2-1\" ><div id=\"panel-29-2-1-0\" class=\"so-panel widget widget_sow-editor panel-first-child\" data-index=\"4\" ><div\n\t\t\t\n\t\t\tclass=\"so-widget-sow-editor so-widget-sow-editor-base\"\n\t\t\t\n\t\t>\n<div class=\"siteorigin-widget-tinymce textwidget\">\n\t<h1 style=\"text-align: center;\"><span style=\"color: #ff5f00;\"><strong><span style=\"font-size: 21pt;\">Or send a message using the form below.<\/span><\/strong><\/span><\/h1>\n<p style=\"text-align: center;\"><span style=\"font-size: 14pt;\"><span style=\"color: #f2f2f2;\"><span style=\"color: #ff6600;\">\u25a0<\/span><\/span><span style=\"color: #f2f2f2;\"><span style=\"color: #ff6600;\">\u25a0<\/span><\/span><span style=\"color: #f2f2f2;\"><span style=\"color: #ff6600;\">\u25a0<\/span><\/span><\/span><\/p>\n<\/div>\n<\/div><\/div><div id=\"panel-29-2-1-1\" class=\"so-panel widget widget_forminator_widget\" data-index=\"5\"><div class=\"panel-widget-style panel-widget-style-for-29-2-1-1\"><div class=\"forminator-ui forminator-custom-form forminator-custom-form-171 forminator-design--default  forminator_ajax\" data-forminator-render=\"0\" data-form=\"forminator-module-171\" data-uid=\"69ea3b25bbf20\"><br\/><\/div><form\n\t\t\t\tid=\"forminator-module-171\"\n\t\t\t\tclass=\"forminator-ui forminator-custom-form forminator-custom-form-171 forminator-design--default  forminator_ajax\"\n\t\t\t\tmethod=\"post\"\n\t\t\t\tdata-forminator-render=\"0\"\n\t\t\t\tdata-form-id=\"171\"\n\t\t\t\t data-color-option=\"default\" data-design=\"default\" data-grid=\"open\" style=\"display: none;\"\n\t\t\t\tdata-uid=\"69ea3b25bbf20\" action=\"\"\n\t\t\t><div role=\"alert\" aria-live=\"polite\" class=\"forminator-response-message forminator-error\" aria-hidden=\"true\"><\/div><div class=\"forminator-row\"><div id=\"text-1\" class=\"forminator-field-text forminator-col forminator-col-12\"><div class=\"forminator-field\"><label for=\"forminator-field-text-1_69ea3b25bbf20\" id=\"forminator-field-text-1_69ea3b25bbf20-label\" class=\"forminator-label\">Name (required) <span class=\"forminator-required\">*<\/span><\/label><input type=\"text\" name=\"text-1\" value=\"\" placeholder=\"\" id=\"forminator-field-text-1_69ea3b25bbf20\" class=\"forminator-input forminator-name--field\" data-required=\"1\" \/><\/div><\/div><\/div><div class=\"forminator-row\"><div id=\"email-1\" class=\"forminator-field-email forminator-col forminator-col-12\"><div class=\"forminator-field\"><label for=\"forminator-field-email-1_69ea3b25bbf20\" id=\"forminator-field-email-1_69ea3b25bbf20-label\" class=\"forminator-label\">e-mail (required) <span class=\"forminator-required\">*<\/span><\/label><input type=\"email\" name=\"email-1\" value=\"\" placeholder=\"\" id=\"forminator-field-email-1_69ea3b25bbf20\" class=\"forminator-input forminator-email--field\" data-required=\"1\" aria-required=\"true\" autocomplete=\"email\" \/><\/div><\/div><\/div><div class=\"forminator-row\"><div id=\"phone-1\" class=\"forminator-field-phone forminator-col forminator-col-12\"><div class=\"forminator-field\"><label for=\"forminator-field-phone-1_69ea3b25bbf20\" id=\"forminator-field-phone-1_69ea3b25bbf20-label\" class=\"forminator-label\">Telephone<\/label><input type=\"text\" name=\"phone-1\" value=\"\" placeholder=\"\" id=\"forminator-field-phone-1_69ea3b25bbf20\" class=\"forminator-input forminator-field--phone\" data-required=\"\" aria-required=\"false\" autocomplete=\"off\" \/><\/div><\/div><\/div><div class=\"forminator-row\"><div id=\"select-1\" class=\"forminator-field-select forminator-col forminator-col-12\"><div class=\"forminator-field\"><label for=\"forminator-form-171__field--select-1_69ea3b25bbf20\" id=\"forminator-form-171__field--select-1_69ea3b25bbf20-label\" class=\"forminator-label\">How can we help you?<\/label><select  id=\"forminator-form-171__field--select-1_69ea3b25bbf20\" class=\"forminator-select--field forminator-select2 forminator-select2-multiple\" data-required=\"\" name=\"select-1\" data-default-value=\"\" data-placeholder=\"\" data-search=\"false\" data-search-placeholder=\"\" data-checkbox=\"false\" data-allow-clear=\"false\" aria-labelledby=\"forminator-form-171__field--select-1_69ea3b25bbf20-label\"><option value=\"Contratar um servi\u00e7o\"  data-calculation=\"0\">Hire a Service<\/option><option value=\"Me candidatar a uma vaga\"  data-calculation=\"0\">Apply for a Position<\/option><option value=\"D\u00favida, sugest\u00e3o ou reclama\u00e7\u00e3o\"  data-calculation=\"0\">Question, Suggestion, or Complaint<\/option><option value=\"Outra coisa\"  data-calculation=\"0\">Other Inquiry<\/option><\/select><\/div><\/div><\/div><div class=\"forminator-row\"><div id=\"textarea-1\" class=\"forminator-field-textarea forminator-col forminator-col-12\"><div class=\"forminator-field\"><label for=\"forminator-field-textarea-1_69ea3b25bbf20\" id=\"forminator-field-textarea-1_69ea3b25bbf20-label\" class=\"forminator-label\">Provide details on how we can assist<\/label><textarea name=\"textarea-1\" placeholder=\"\" id=\"forminator-field-textarea-1_69ea3b25bbf20\" class=\"forminator-textarea\" rows=\"6\" style=\"min-height:140px;\" ><\/textarea><\/div><\/div><\/div><div class=\"forminator-row\"><div id=\"radio-1\" class=\"forminator-field-radio forminator-col forminator-col-12\"><div role=\"radiogroup\" class=\"forminator-field\" aria-labelledby=\"forminator-radiogroup-radio-1-69ea3b25bbf20-label\"><span id=\"forminator-radiogroup-radio-1-69ea3b25bbf20-label\" class=\"forminator-label\">HOW CAN WE CONTACT YOU? (required)<\/span><label id=\"forminator-field-radio-1-label-1\" for=\"forminator-field-radio-1-1-69ea3b25bbf20\" class=\"forminator-radio forminator-radio-inline\" title=\"I want to receive a call\"><input type=\"radio\" name=\"radio-1\" value=\"Quero receber uma liga\u00e7\u00e3o\" id=\"forminator-field-radio-1-1-69ea3b25bbf20\" aria-labelledby=\"forminator-field-radio-1-label-1\" data-calculation=\"0\" checked=\"checked\" \/><span class=\"forminator-radio-bullet\" aria-hidden=\"true\"><\/span><span class=\"forminator-radio-label\">I want to receive a call<\/span><\/label><label id=\"forminator-field-radio-1-label-2\" for=\"forminator-field-radio-1-2-69ea3b25bbf20\" class=\"forminator-radio forminator-radio-inline\" title=\"I want to receive an e-mail\"><input type=\"radio\" name=\"radio-1\" value=\"Quero receber um e-mail\" id=\"forminator-field-radio-1-2-69ea3b25bbf20\" aria-labelledby=\"forminator-field-radio-1-label-2\" data-calculation=\"0\"  \/><span class=\"forminator-radio-bullet\" aria-hidden=\"true\"><\/span><span class=\"forminator-radio-label\">I want to receive an e-mail<\/span><\/label><label id=\"forminator-field-radio-1-label-3\" for=\"forminator-field-radio-1-3-69ea3b25bbf20\" class=\"forminator-radio forminator-radio-inline\" title=\"I prefer contact via WhatsApp\"><input type=\"radio\" name=\"radio-1\" value=\"Prefiro contato pelo Whatsapp\" id=\"forminator-field-radio-1-3-69ea3b25bbf20\" aria-labelledby=\"forminator-field-radio-1-label-3\" data-calculation=\"0\"  \/><span class=\"forminator-radio-bullet\" aria-hidden=\"true\"><\/span><span class=\"forminator-radio-label\">I prefer contact via WhatsApp<\/span><\/label><\/div><\/div><\/div><div class=\"forminator-row\" style=\"margin: 0;\"><div id=\"captcha-1\" class=\"forminator-field-captcha  forminator-col-12\"><div class=\"forminator-captcha-left forminator-g-recaptcha recaptcha-invisible\" data-theme=\"dark\" data-badge=\"inline\" data-sitekey=\"6LfM1fIpAAAAAE2S7iFXD5lk8WIPShKssZArzIOw\" data-size=\"invisible\"><\/div> <\/div><\/div><input type=\"hidden\" name=\"referer_url\" value=\"\" \/><div class=\"forminator-row forminator-row-last\"><div class=\"forminator-col\"><div class=\"forminator-field\"><button class=\"forminator-button forminator-button-submit\">Send<\/button><\/div><\/div><\/div><input type=\"hidden\" id=\"forminator_nonce\" name=\"forminator_nonce\" value=\"621b8e1b5f\" \/><input type=\"hidden\" name=\"_wp_http_referer\" value=\"\/en\/wp-json\/wp\/v2\/pages\/29\" \/><input type=\"hidden\" name=\"form_id\" value=\"171\"><input type=\"hidden\" name=\"page_id\" value=\"29\"><input type=\"hidden\" name=\"form_type\" value=\"default\"><input type=\"hidden\" name=\"current_url\" value=\"https:\/\/iappropaganda.com.br\/en\/contato\/\"><input type=\"hidden\" name=\"render_id\" value=\"0\"><input type=\"hidden\" name=\"action\" value=\"forminator_submit_form_custom-forms\"><input type=\"hidden\" name=\"trp-form-language\" value=\"en\"\/><\/form><\/div><\/div><div id=\"panel-29-2-1-2\" class=\"so-panel widget widget_sow-editor panel-last-child\" data-index=\"6\" ><div\n\t\t\t\n\t\t\tclass=\"so-widget-sow-editor so-widget-sow-editor-base\"\n\t\t\t\n\t\t>\n<div class=\"siteorigin-widget-tinymce textwidget\">\n\t<p><img loading=\"lazy\" decoding=\"async\" class=\"wp-image-14796 aligncenter\" src=\"https:\/\/iappropaganda.com.br\/wp-content\/uploads\/2024\/05\/icone.png\" alt=\"\" width=\"20\" height=\"20\" \/><\/p>\n<\/div>\n<\/div><\/div><\/div><\/div><div id=\"pgc-29-2-2\"  class=\"panel-grid-cell panel-grid-cell-empty\" ><\/div><\/div><\/div><\/div>","protected":false},"excerpt":{"rendered":"<p>ENTRE EM CONTATO COM A GENTE! \u25a0\u25a0\u25a0 Vamos come\u00e7ar seu projeto ainda hoje! NOSSO SEDE \u25a0\u25a0\u25a0 Avenida Bernardino de Campos &#8211; 292 Sala 25 Campo Grande &#8211; Santos\/SP NOSSA FILIAL \u25a0\u25a0\u25a0 R. Wilson Pedro Speridi\u00e3o &#8211; 2-70 Sala 111D Quinta Ranieri &#8211; Bauru\/SP NOVOS PROJETOS \u25a0\u25a0\u25a0 Telefone: +55 13 9 8121-0705 Email: falecom@iappropaganda.com.br Mande uma [&hellip;]<\/p>\n","protected":false},"author":1,"featured_media":0,"parent":0,"menu_order":0,"comment_status":"closed","ping_status":"closed","template":"","meta":{"iawp_total_views":93,"footnotes":""},"class_list":["post-29","page","type-page","status-publish","hentry","post"],"_links":{"self":[{"href":"https:\/\/iappropaganda.com.br\/en\/wp-json\/wp\/v2\/pages\/29","targetHints":{"allow":["GET"]}}],"collection":[{"href":"https:\/\/iappropaganda.com.br\/en\/wp-json\/wp\/v2\/pages"}],"about":[{"href":"https:\/\/iappropaganda.com.br\/en\/wp-json\/wp\/v2\/types\/page"}],"author":[{"embeddable":true,"href":"https:\/\/iappropaganda.com.br\/en\/wp-json\/wp\/v2\/users\/1"}],"replies":[{"embeddable":true,"href":"https:\/\/iappropaganda.com.br\/en\/wp-json\/wp\/v2\/comments?post=29"}],"version-history":[{"count":5,"href":"https:\/\/iappropaganda.com.br\/en\/wp-json\/wp\/v2\/pages\/29\/revisions"}],"predecessor-version":[{"id":747,"href":"https:\/\/iappropaganda.com.br\/en\/wp-json\/wp\/v2\/pages\/29\/revisions\/747"}],"wp:attachment":[{"href":"https:\/\/iappropaganda.com.br\/en\/wp-json\/wp\/v2\/media?parent=29"}],"curies":[{"name":"wp","href":"https:\/\/api.w.org\/{rel}","templated":true}]}}