{"id":33,"date":"2024-04-25T10:41:40","date_gmt":"2024-04-25T13:41:40","guid":{"rendered":"http:\/\/localhost:8888\/UltimaIAP\/?page_id=32"},"modified":"2025-02-10T18:54:22","modified_gmt":"2025-02-10T18:54:22","slug":"blog","status":"publish","type":"page","link":"https:\/\/iappropaganda.com.br\/en\/blog\/","title":{"rendered":"BLOG"},"content":{"rendered":"<div id=\"pl-33\"  class=\"panel-layout\" ><div id=\"pg-33-0\"  class=\"panel-grid panel-has-style\" ><div class=\"panel-row-style panel-row-style-for-33-0\" ><div id=\"pgc-33-0-0\"  class=\"panel-grid-cell panel-grid-cell-empty\" ><\/div><div id=\"pgc-33-0-1\"  class=\"panel-grid-cell panel-grid-cell-mobile-last\" ><div class=\"panel-cell-style panel-cell-style-for-33-0-1\" ><div id=\"panel-33-0-1-0\" class=\"so-panel widget widget_sow-editor panel-first-child panel-last-child\" data-index=\"0\" ><div class=\"panel-widget-style panel-widget-style-for-33-0-1-0\" ><div\n\t\t\t\n\t\t\tclass=\"so-widget-sow-editor so-widget-sow-editor-base\"\n\t\t\t\n\t\t>\n<div class=\"siteorigin-widget-tinymce textwidget\">\n\t<h1 class=\"overview-title title-md text-center\" style=\"text-align: center;\"><span style=\"color: #f2f2f2;\">OUR BLOG<\/span><\/h1>\n<h1 class=\"overview-title title-md text-center\" style=\"text-align: center;\"><span style=\"font-size: 14pt;\"><span style=\"color: #f2f2f2;\"><span style=\"color: #ff6600;\">\u25a0<\/span><\/span><span style=\"color: #f2f2f2;\"><span style=\"color: #ff6600;\">\u25a0<\/span><\/span><span style=\"color: #f2f2f2;\"><span style=\"color: #ff6600;\">\u25a0<\/span><\/span><\/span><\/h1>\n<div class=\"body-lg color-gray mt-4\">\n<p class=\"sow-headline\" style=\"text-align: center;\"><span style=\"color: #f2f2f2;\">Discover valuable tips, innovative trends, and effective strategies to propel your brand and business to success.<\/span><\/p>\n<p style=\"text-align: center;\"><span style=\"color: #f2f2f2;\"><img loading=\"lazy\" decoding=\"async\" class=\"wp-image-14796 aligncenter\" src=\"https:\/\/iappropaganda.com.br\/wp-content\/uploads\/2024\/05\/icone.png\" alt=\"\" width=\"20\" height=\"20\"\/><\/span><\/p>\n<\/div>\n<\/div>\n<\/div><\/div><\/div><\/div><\/div><div id=\"pgc-33-0-2\"  class=\"panel-grid-cell panel-grid-cell-empty\" ><\/div><\/div><\/div><div id=\"pg-33-1\"  class=\"panel-grid panel-has-style\" ><div id=\"marcas\" class=\"panel-row-style panel-row-style-for-33-1\" ><div id=\"pgc-33-1-0\"  class=\"panel-grid-cell panel-grid-cell-empty\" ><\/div><div id=\"pgc-33-1-1\"  class=\"panel-grid-cell panel-grid-cell-mobile-last\" ><div class=\"panel-cell-style panel-cell-style-for-33-1-1\" ><div id=\"panel-33-1-1-0\" class=\"so-panel widget widget_sow-editor panel-first-child\" data-index=\"1\" ><div class=\"panel-widget-style panel-widget-style-for-33-1-1-0\" ><div\n\t\t\t\n\t\t\tclass=\"so-widget-sow-editor so-widget-sow-editor-base\"\n\t\t\t\n\t\t>\n<div class=\"siteorigin-widget-tinymce textwidget\">\n\t<h1 class=\"overview-title title-md text-center\" style=\"text-align: center;\"><span style=\"font-size: 14pt;\"><span style=\"color: #f2f2f2;\"><span style=\"color: #ff6600;\">\u25a0<\/span><\/span><span style=\"color: #f2f2f2;\"><span style=\"color: #ff6600;\">\u25a0<\/span><\/span><span style=\"color: #f2f2f2;\"><span style=\"color: #ff6600;\">\u25a0<\/span><\/span><\/span><\/h1>\n<\/div>\n<\/div><\/div><\/div><div id=\"panel-33-1-1-1\" class=\"widget_text so-panel widget widget_custom_html\" data-index=\"2\" ><div class=\"textwidget custom-html-widget\"><div class=\"cases-grid\"><div class=\"case-item\"><a href=\"https:\/\/iappropaganda.com.br\/en\/empreendedor-voce-sabe-o-que-e-identidade-visual\/\"><div class=\"case-image\" style=\"background-image: url(https:\/\/i3.wp.com\/live.staticflickr.com\/65535\/54116065162_c8327b26f6_k_d.jpg?w=1024&#038;resize=1024,1024&#038;ssl=1);\"><div class=\"case-overlay\"><h2 class=\"case-title\">Empreendedor: Voc\u00ea sabe o que \u00e9 identidade visual?<\/h2><p class=\"case-category\"><\/p><\/div><\/div><\/a><\/div><div class=\"case-item\"><a href=\"https:\/\/iappropaganda.com.br\/en\/o-empreendedor-e-a-identidade-visual-da-marca\/\"><div class=\"case-image\" style=\"background-image: url(https:\/\/i0.wp.com\/live.staticflickr.com\/65535\/53842622662_a0c50166e4_o_d.jpg?w=1024&#038;resize=1024,1024&#038;ssl=1);\"><div class=\"case-overlay\"><h2 class=\"case-title\">The Entrepreneur and the Brand Identity<\/h2><p class=\"case-category\"><\/p><\/div><\/div><\/a><\/div><div class=\"case-item\"><a href=\"https:\/\/iappropaganda.com.br\/en\/empreendedor-todo-mundo-precisa-de-um-site\/\"><div class=\"case-image\" style=\"background-image: url(https:\/\/i2.wp.com\/live.staticflickr.com\/65535\/53872751345_195cfea4a9_o_d.jpg?w=1024&#038;resize=1024,1024&#038;ssl=1);\"><div class=\"case-overlay\"><h2 class=\"case-title\">Entrepreneur: Everyone Needs a Website<\/h2><p class=\"case-category\"><\/p><\/div><\/div><\/a><\/div><div class=\"case-item\"><a href=\"https:\/\/iappropaganda.com.br\/en\/empreendedor-a-sua-vida-digital-esta-organizada\/\"><div class=\"case-image\" style=\"background-image: url(https:\/\/i0.wp.com\/live.staticflickr.com\/65535\/53827971573_147455d8e9_o_d.jpg?w=1024&#038;resize=1024,1024&#038;ssl=1);\"><div class=\"case-overlay\"><h2 class=\"case-title\">Entrepreneur: Is your digital life organized?<\/h2><p class=\"case-category\"><\/p><\/div><\/div><\/a><\/div><\/div><\/div><\/div><div id=\"panel-33-1-1-2\" class=\"so-panel widget widget_sow-editor panel-last-child\" data-index=\"3\" ><div class=\"panel-widget-style panel-widget-style-for-33-1-1-2\" ><div\n\t\t\t\n\t\t\tclass=\"so-widget-sow-editor so-widget-sow-editor-base\"\n\t\t\t\n\t\t>\n<div class=\"siteorigin-widget-tinymce textwidget\">\n\t<div class=\"body-lg color-gray mt-4\">\n<p style=\"text-align: center;\"><span style=\"color: #f2f2f2;\"><img loading=\"lazy\" decoding=\"async\" class=\"wp-image-14796 aligncenter\" src=\"https:\/\/iappropaganda.com.br\/wp-content\/uploads\/2024\/05\/icone.png\" alt=\"\" width=\"20\" height=\"20\" \/><\/span><\/p>\n<\/div>\n<\/div>\n<\/div><\/div><\/div><\/div><\/div><div id=\"pgc-33-1-2\"  class=\"panel-grid-cell panel-grid-cell-empty\" ><\/div><\/div><\/div><\/div>","protected":false},"excerpt":{"rendered":"<p>NOSSO BLOG \u25a0\u25a0\u25a0 Descubra dicas valiosas, tend\u00eancias inovadoras e estrat\u00e9gias eficazes para impulsionar sua marca e neg\u00f3cio para o sucesso. \u25a0\u25a0\u25a0<\/p>","protected":false},"author":1,"featured_media":0,"parent":0,"menu_order":0,"comment_status":"closed","ping_status":"closed","template":"","meta":{"iawp_total_views":50,"footnotes":""},"class_list":["post-33","page","type-page","status-publish","hentry","post"],"_links":{"self":[{"href":"https:\/\/iappropaganda.com.br\/en\/wp-json\/wp\/v2\/pages\/33","targetHints":{"allow":["GET"]}}],"collection":[{"href":"https:\/\/iappropaganda.com.br\/en\/wp-json\/wp\/v2\/pages"}],"about":[{"href":"https:\/\/iappropaganda.com.br\/en\/wp-json\/wp\/v2\/types\/page"}],"author":[{"embeddable":true,"href":"https:\/\/iappropaganda.com.br\/en\/wp-json\/wp\/v2\/users\/1"}],"replies":[{"embeddable":true,"href":"https:\/\/iappropaganda.com.br\/en\/wp-json\/wp\/v2\/comments?post=33"}],"version-history":[{"count":3,"href":"https:\/\/iappropaganda.com.br\/en\/wp-json\/wp\/v2\/pages\/33\/revisions"}],"predecessor-version":[{"id":429,"href":"https:\/\/iappropaganda.com.br\/en\/wp-json\/wp\/v2\/pages\/33\/revisions\/429"}],"wp:attachment":[{"href":"https:\/\/iappropaganda.com.br\/en\/wp-json\/wp\/v2\/media?parent=33"}],"curies":[{"name":"wp","href":"https:\/\/api.w.org\/{rel}","templated":true}]}}